{"id":94,"date":"2020-01-18T10:25:19","date_gmt":"2020-01-18T13:25:19","guid":{"rendered":"http:\/\/www.puntocero.com.ar\/plat3\/?page_id=94"},"modified":"2020-03-02T12:51:34","modified_gmt":"2020-03-02T15:51:34","slug":"nosotros","status":"publish","type":"page","link":"https:\/\/www.gerezpropiedades.com.ar\/plat5\/nosotros\/","title":{"rendered":"Nosotros"},"content":{"rendered":"<h5 style=\"text-align: left;\">Brindamos&#8230;<\/h5>\n<ul>\n<li>Seguridad y control sobre la legalidad del desarrollo y de los involucrados en la transacci\u00f3n pudiendo as\u00ed disfrutar del proceso de compra, venta o alquiler.<\/li>\n<li style=\"text-align: left;\">Confianza y responsabilidad en la administraci\u00f3n de cada gesti\u00f3n<\/li>\n<li style=\"text-align: left;\">Asesor\u00eda inmobiliaria, jur\u00eddica y financiera<\/li>\n<\/ul>\n<h5 style=\"text-align: left;\">Servicio garantizado!!!<\/h5>\n","protected":false},"excerpt":{"rendered":"<p>Brindamos&#8230; Seguridad y control sobre la legalidad del desarrollo y de los involucrados en la transacci\u00f3n pudiendo as\u00ed disfrutar del proceso de compra, venta o alquiler. Confianza y responsabilidad en la administraci\u00f3n de cada gesti\u00f3n Asesor\u00eda inmobiliaria, jur\u00eddica y financiera Servicio garantizado!!!<\/p>\n","protected":false},"author":1,"featured_media":0,"parent":0,"menu_order":0,"comment_status":"closed","ping_status":"closed","template":"","meta":{"_joinchat":[],"footnotes":""},"_links":{"self":[{"href":"https:\/\/www.gerezpropiedades.com.ar\/plat5\/wp-json\/wp\/v2\/pages\/94"}],"collection":[{"href":"https:\/\/www.gerezpropiedades.com.ar\/plat5\/wp-json\/wp\/v2\/pages"}],"about":[{"href":"https:\/\/www.gerezpropiedades.com.ar\/plat5\/wp-json\/wp\/v2\/types\/page"}],"author":[{"embeddable":true,"href":"https:\/\/www.gerezpropiedades.com.ar\/plat5\/wp-json\/wp\/v2\/users\/1"}],"replies":[{"embeddable":true,"href":"https:\/\/www.gerezpropiedades.com.ar\/plat5\/wp-json\/wp\/v2\/comments?post=94"}],"version-history":[{"count":12,"href":"https:\/\/www.gerezpropiedades.com.ar\/plat5\/wp-json\/wp\/v2\/pages\/94\/revisions"}],"predecessor-version":[{"id":427,"href":"https:\/\/www.gerezpropiedades.com.ar\/plat5\/wp-json\/wp\/v2\/pages\/94\/revisions\/427"}],"wp:attachment":[{"href":"https:\/\/www.gerezpropiedades.com.ar\/plat5\/wp-json\/wp\/v2\/media?parent=94"}],"curies":[{"name":"wp","href":"https:\/\/api.w.org\/{rel}","templated":true}]}}